{"id":583,"date":"2026-01-20T12:33:44","date_gmt":"2026-01-20T12:33:44","guid":{"rendered":"https:\/\/www.congruences-formation.com\/?page_id=583"},"modified":"2026-01-20T12:33:44","modified_gmt":"2026-01-20T12:33:44","slug":"notre-espace","status":"publish","type":"page","link":"https:\/\/www.congruences-formation.com\/index.php\/notre-espace\/","title":{"rendered":"Notre Espace"},"content":{"rendered":"\n<div class=\"wp-block-cover alignfull wp-duotone-unset-1\" style=\"margin-top:0;padding-top:4vw;padding-right:4vw;padding-bottom:4vw;padding-left:4vw;min-height:50vh;aspect-ratio:unset;\"><img fetchpriority=\"high\" decoding=\"async\" width=\"640\" height=\"360\" class=\"wp-block-cover__image-background wp-image-584 size-full\" alt=\"360 f 295165234 hnur5zj33hf04b4g3qbunlky0yb5kq8r\" src=\"https:\/\/www.congruences-formation.com\/wp-content\/uploads\/2026\/01\/360_F_295165234_HNUr5ZJ33hf04b4G3qBUnlKY0YB5Kq8R.jpg\" data-object-fit=\"cover\" title=\"Notre Espace\" srcset=\"https:\/\/www.congruences-formation.com\/wp-content\/uploads\/2026\/01\/360_F_295165234_HNUr5ZJ33hf04b4G3qBUnlKY0YB5Kq8R.jpg 640w, https:\/\/www.congruences-formation.com\/wp-content\/uploads\/2026\/01\/360_F_295165234_HNUr5ZJ33hf04b4G3qBUnlKY0YB5Kq8R-300x169.jpg 300w\" sizes=\"(max-width: 640px) 100vw, 640px\" \/><span aria-hidden=\"true\" class=\"wp-block-cover__background has-background-dim\"><\/span><div class=\"wp-block-cover__inner-container is-layout-flow wp-block-cover-is-layout-flow\">\n<div class=\"wp-block-group\"><div class=\"wp-block-group__inner-container is-layout-flow wp-block-group-is-layout-flow\">\n<p class=\"has-text-align-center has-base-color has-text-color\" style=\"font-size:37px;font-style:normal;font-weight:700;letter-spacing:-2px;line-height:0.9;text-transform:uppercase\"><strong>Notre Espace<\/strong><\/p>\n\n\n\n<div style=\"height:26px\" aria-hidden=\"true\" class=\"wp-block-spacer\"><\/div>\n\n\n\n<p class=\"has-text-align-center has-base-color has-text-color has-body-font-family\" style=\"font-size:20px;font-style:normal;font-weight:400;letter-spacing:-2px;line-height:1.8;text-transform:none\">Votre espace personnel, simple et s\u00e9curis\u00e9, pens\u00e9 pour \u00e9l\u00e8ves et professeurs.<br>Acc\u00e9dez rapidement \u00e0 vos contenus, informations et outils p\u00e9dagogiques, o\u00f9 que vous soyez.<\/p>\n\n\n\n<div style=\"height:26px\" aria-hidden=\"true\" class=\"wp-block-spacer\"><\/div>\n\n\n\n<p class=\"has-text-align-center has-base-color has-text-color has-body-font-family\" style=\"font-size:21px;font-style:normal;font-weight:400;letter-spacing:-2px;line-height:1.8;text-transform:none\"><strong>Connectez-vous et profitez de votre espace !<\/strong><\/p>\n\n\n\n<div style=\"height:29px\" aria-hidden=\"true\" class=\"wp-block-spacer\"><\/div>\n\n\n\n<div class=\"wp-block-buttons has-custom-font-size has-medium-font-size is-content-justification-center is-layout-flex wp-container-core-buttons-is-layout-76cc7cec wp-block-buttons-is-layout-flex\" style=\"padding-top:0;padding-bottom:0\">\n<div class=\"wp-block-button\"><a class=\"wp-block-button__link has-base-color has-contrast-2-background-color has-text-color has-background has-custom-font-size wp-element-button\" href=\"https:\/\/congruences-formation.ypareo-neo.com\/\" style=\"padding-top:17px;padding-right:23px;padding-bottom:17px;padding-left:23px;font-size:20px;font-style:normal;font-weight:600;letter-spacing:1px;text-transform:capitalize\">Connectez-vous !<\/a><\/div>\n<\/div>\n<\/div><\/div>\n<\/div><\/div>\n","protected":false},"excerpt":{"rendered":"","protected":false},"author":2,"featured_media":0,"parent":0,"menu_order":0,"comment_status":"closed","ping_status":"closed","template":"","meta":{"_acf_changed":false,"footnotes":""},"class_list":["post-583","page","type-page","status-publish","hentry"],"acf":[],"_links":{"self":[{"href":"https:\/\/www.congruences-formation.com\/index.php\/wp-json\/wp\/v2\/pages\/583","targetHints":{"allow":["GET"]}}],"collection":[{"href":"https:\/\/www.congruences-formation.com\/index.php\/wp-json\/wp\/v2\/pages"}],"about":[{"href":"https:\/\/www.congruences-formation.com\/index.php\/wp-json\/wp\/v2\/types\/page"}],"author":[{"embeddable":true,"href":"https:\/\/www.congruences-formation.com\/index.php\/wp-json\/wp\/v2\/users\/2"}],"replies":[{"embeddable":true,"href":"https:\/\/www.congruences-formation.com\/index.php\/wp-json\/wp\/v2\/comments?post=583"}],"version-history":[{"count":1,"href":"https:\/\/www.congruences-formation.com\/index.php\/wp-json\/wp\/v2\/pages\/583\/revisions"}],"predecessor-version":[{"id":585,"href":"https:\/\/www.congruences-formation.com\/index.php\/wp-json\/wp\/v2\/pages\/583\/revisions\/585"}],"wp:attachment":[{"href":"https:\/\/www.congruences-formation.com\/index.php\/wp-json\/wp\/v2\/media?parent=583"}],"curies":[{"name":"wp","href":"https:\/\/api.w.org\/{rel}","templated":true}]}}