{"id":562,"date":"2026-01-15T17:25:49","date_gmt":"2026-01-15T17:25:49","guid":{"rendered":"https:\/\/www.congruences-formation.com\/?page_id=562"},"modified":"2026-02-22T16:45:19","modified_gmt":"2026-02-22T16:45:19","slug":"lecole","status":"publish","type":"page","link":"https:\/\/www.congruences-formation.com\/index.php\/lecole\/","title":{"rendered":"L\u2019Ecole"},"content":{"rendered":"\t\t<div data-elementor-type=\"wp-page\" data-elementor-id=\"562\" class=\"elementor elementor-562\" data-elementor-post-type=\"page\">\n\t\t\t\t<div class=\"elementor-element elementor-element-61511c5f e-con-full e-flex e-con e-parent\" data-id=\"61511c5f\" data-element_type=\"container\" data-e-type=\"container\">\n\t\t<div class=\"elementor-element elementor-element-eaa456f e-con-full e-flex e-con e-child\" data-id=\"eaa456f\" data-element_type=\"container\" data-e-type=\"container\" data-settings=\"{&quot;background_background&quot;:&quot;classic&quot;}\">\n\t\t\t\t<div class=\"elementor-element elementor-element-cd648f5 elementor-widget elementor-widget-image\" data-id=\"cd648f5\" data-element_type=\"widget\" data-e-type=\"widget\" data-widget_type=\"image.default\">\n\t\t\t\t\t\t\t\t\t\t\t\t\t\t\t<img fetchpriority=\"high\" decoding=\"async\" width=\"960\" height=\"529\" src=\"https:\/\/www.congruences-formation.com\/wp-content\/uploads\/2026\/02\/13-1024x564.jpg\" class=\"attachment-large size-large wp-image-1171\" alt=\"13\" srcset=\"https:\/\/www.congruences-formation.com\/wp-content\/uploads\/2026\/02\/13-1024x564.jpg 1024w, https:\/\/www.congruences-formation.com\/wp-content\/uploads\/2026\/02\/13-300x165.jpg 300w, https:\/\/www.congruences-formation.com\/wp-content\/uploads\/2026\/02\/13-768x423.jpg 768w, https:\/\/www.congruences-formation.com\/wp-content\/uploads\/2026\/02\/13-1536x846.jpg 1536w, https:\/\/www.congruences-formation.com\/wp-content\/uploads\/2026\/02\/13-2048x1128.jpg 2048w\" sizes=\"(max-width: 960px) 100vw, 960px\" title=\"L\u2019Ecole\">\t\t\t\t\t\t\t\t\t\t\t\t\t\t\t<\/div>\n\t\t<div class=\"elementor-element elementor-element-e171a91 e-con-full e-flex e-con e-child\" data-id=\"e171a91\" data-element_type=\"container\" data-e-type=\"container\">\n\t\t\t\t<div class=\"elementor-element elementor-element-fb4c56a elementor-widget elementor-widget-text-editor\" data-id=\"fb4c56a\" data-element_type=\"widget\" data-e-type=\"widget\" data-widget_type=\"text-editor.default\">\n\t\t\t\t\t\t\t\t\t<p><span style=\"color: #ffffff;\">Notre \u00e9cole repose sur trois piliers fondamentaux :<\/span><\/p><p>\u00a0<\/p><p>\u00a0<\/p><p>\u00a0<\/p><p style=\"text-align: center;\"><span style=\"color: #ffffff; font-family: Futura extra bold; font-size: 30px;\"><strong>Inclusivit\u00e9\u00a0 \u00a0Humanisme<span style=\"font-size: 1rem;\"> \u00a0 \u00a0 <\/span>\u00c9cologie<\/strong><\/span><\/p><p>\u00a0<\/p><p>\u00a0<\/p><p>\u00a0<\/p><p><span style=\"color: #ffffff;\">Notre ambition est claire : <\/span><\/p><p><span style=\"color: #ffffff;\">former des professionnels imm\u00e9diatement op\u00e9rationnels, capables de s\u2019int\u00e9grer rapidement dans le monde du travail tout en restant fid\u00e8les \u00e0 leurs valeurs.<\/span><\/p>\t\t\t\t\t\t\t\t<\/div>\n\t\t\t\t<\/div>\n\t\t\t\t<\/div>\n\t\t<div class=\"elementor-element elementor-element-569d090 e-con-full e-flex e-con e-child\" data-id=\"569d090\" data-element_type=\"container\" data-e-type=\"container\">\n\t\t<div class=\"elementor-element elementor-element-418dc4a e-con-full e-flex e-con e-child\" data-id=\"418dc4a\" data-element_type=\"container\" data-e-type=\"container\">\n\t\t\t\t<div class=\"elementor-element elementor-element-518ab1a elementor-widget elementor-widget-text-editor\" data-id=\"518ab1a\" data-element_type=\"widget\" data-e-type=\"widget\" data-widget_type=\"text-editor.default\">\n\t\t\t\t\t\t\t\t\t<h3 style=\"text-align: left;\">Notre identit\u00e9<\/h3><p style=\"text-align: left;\">Former des cr\u00e9atifs comp\u00e9tents, responsables et engag\u00e9s<\/p><p>Congruences Formation est un \u00e9tablissement d\u2019enseignement sup\u00e9rieur priv\u00e9 sp\u00e9cialis\u00e9 dans les m\u00e9tiers de la cr\u00e9ation, du design et du d\u00e9veloppement.<br \/>Depuis plus de 20 ans, nous accompagnons des talents qui souhaitent transformer leur passion en v\u00e9ritable m\u00e9tier.<\/p>\t\t\t\t\t\t\t\t<\/div>\n\t\t\t\t<\/div>\n\t\t<div class=\"elementor-element elementor-element-2095dc5 e-con-full e-flex e-con e-child\" data-id=\"2095dc5\" data-element_type=\"container\" data-e-type=\"container\">\n\t\t\t\t<div class=\"elementor-element elementor-element-a3a73c3 elementor-widget elementor-widget-text-editor\" data-id=\"a3a73c3\" data-element_type=\"widget\" data-e-type=\"widget\" data-widget_type=\"text-editor.default\">\n\t\t\t\t\t\t\t\t\t<h3>Pourquoi \u00ab Congruences \u00bb ?<\/h3>\n<p>Une p\u00e9dagogie inspir\u00e9e de Carl Rogers<\/p>\n<p>Le nom Congruences s\u2019inspire de la pens\u00e9e du psychologue humaniste Carl Rogers, pour qui la congruence repr\u00e9sente l\u2019alignement entre ce que l\u2019on pense, ressent, dit et fait.<\/p>\n<p>Nous croyons profond\u00e9ment qu\u2019un \u00e9tudiant \u00e9panoui est un \u00e9tudiant align\u00e9.<br \/>C\u2019est pourquoi nous accompagnons chaque apprenant dans le d\u00e9veloppement de ses comp\u00e9tences, sans jamais lui demander de renoncer \u00e0 son identit\u00e9, sa cr\u00e9ativit\u00e9 ou ses valeurs.<\/p>\t\t\t\t\t\t\t\t<\/div>\n\t\t\t\t<\/div>\n\t\t\t\t<\/div>\n\t\t<div class=\"elementor-element elementor-element-3c3c495 e-con-full e-flex e-con e-child\" data-id=\"3c3c495\" data-element_type=\"container\" data-e-type=\"container\" data-settings=\"{&quot;background_background&quot;:&quot;classic&quot;}\">\n\t\t\t\t<div class=\"elementor-element elementor-element-7628710 elementor-widget elementor-widget-image\" data-id=\"7628710\" data-element_type=\"widget\" data-e-type=\"widget\" data-widget_type=\"image.default\">\n\t\t\t\t\t\t\t\t\t\t\t\t\t\t\t<img decoding=\"async\" width=\"960\" height=\"529\" src=\"https:\/\/www.congruences-formation.com\/wp-content\/uploads\/2026\/02\/10-1-1024x564.jpg\" class=\"attachment-large size-large wp-image-2443\" alt=\"10\" srcset=\"https:\/\/www.congruences-formation.com\/wp-content\/uploads\/2026\/02\/10-1-1024x564.jpg 1024w, https:\/\/www.congruences-formation.com\/wp-content\/uploads\/2026\/02\/10-1-300x165.jpg 300w, https:\/\/www.congruences-formation.com\/wp-content\/uploads\/2026\/02\/10-1-768x423.jpg 768w, https:\/\/www.congruences-formation.com\/wp-content\/uploads\/2026\/02\/10-1-1536x846.jpg 1536w, https:\/\/www.congruences-formation.com\/wp-content\/uploads\/2026\/02\/10-1-2048x1128.jpg 2048w\" sizes=\"(max-width: 960px) 100vw, 960px\" title=\"L\u2019Ecole\">\t\t\t\t\t\t\t\t\t\t\t\t\t\t\t<\/div>\n\t\t\t\t<div class=\"elementor-element elementor-element-eff222b elementor-widget elementor-widget-text-editor\" data-id=\"eff222b\" data-element_type=\"widget\" data-e-type=\"widget\" data-widget_type=\"text-editor.default\">\n\t\t\t\t\t\t\t\t\t<h3><span style=\"color: #ffffff;\"><strong>Notre p\u00e9dagogie<\/strong><\/span><\/h3><p><span style=\"color: #ffffff;\"><strong>Apprendre en faisant : une formation ancr\u00e9e dans le r\u00e9el<\/strong><\/span><\/p><p><span style=\"color: #ffffff;\">Chez Congruences Formation, l\u2019apprentissage est avant tout <strong>pratique, concret et professionnalisant.<\/strong><\/span><\/p><p><span style=\"color: #ffffff;\">Une approche 100 % orient\u00e9e vers la pratique<\/span><br \/><span style=\"color: #ffffff;\">Stages et alternance pour une immersion professionnelle imm\u00e9diate<\/span><br \/><span style=\"color: #ffffff;\">Workshops, projets collaboratifs et cas r\u00e9els<\/span><br \/><span style=\"color: #ffffff;\">Acc\u00e8s \u00e0 des logiciels professionnels, dont la suite Adobe<\/span><\/p><p><span style=\"color: #ffffff;\">Pour les formations Mode, l\u2019\u00e9cole met \u00e0 disposition des espaces d\u00e9di\u00e9s, pens\u00e9s comme de v\u00e9ritables ateliers professionnels :<\/span><\/p><p><span style=\"color: #ffffff;\">machines \u00e0 coudre industrielles et familiales<\/span><br \/><span style=\"color: #ffffff;\">surjeteuses, piqueuses, mannequins de couture<\/span><br \/><span style=\"color: #ffffff;\">tables de coupe et outils de patronage<\/span><br \/><span style=\"color: #ffffff;\">mat\u00e9riel textile et accessoires sp\u00e9cialis\u00e9s<\/span><\/p><p><span style=\"color: #ffffff;\"><strong>Objectif<\/strong> : permettre aux \u00e9tudiants de concevoir, prototyper et r\u00e9aliser leurs cr\u00e9ations dans des conditions r\u00e9elles de travail.<\/span><\/p><p><span style=\"color: #ffffff;\">Notre priorit\u00e9 : rendre chaque \u00e9tudiant autonome, cr\u00e9atif et pleinement employable.<\/span><\/p>\t\t\t\t\t\t\t\t<\/div>\n\t\t\t\t<\/div>\n\t\t<div class=\"elementor-element elementor-element-93dcfab e-con-full e-flex e-con e-child\" data-id=\"93dcfab\" data-element_type=\"container\" data-e-type=\"container\">\n\t\t<div class=\"elementor-element elementor-element-cdb9926 e-con-full e-flex e-con e-child\" data-id=\"cdb9926\" data-element_type=\"container\" data-e-type=\"container\">\n\t\t\t\t<div class=\"elementor-element elementor-element-babdb82 elementor-widget elementor-widget-text-editor\" data-id=\"babdb82\" data-element_type=\"widget\" data-e-type=\"widget\" data-widget_type=\"text-editor.default\">\n\t\t\t\t\t\t\t\t\t<h3>Un accompagnement humain et personnalis\u00e9<\/h3>\n<p>Parce que chaque parcours est unique :<\/p>\n<p>Tout au long de leur cursus, les \u00e9tudiants peuvent b\u00e9n\u00e9ficier, sur demande, d\u2019un <strong>accompagnement individuel<\/strong> assur\u00e9 par une conseill\u00e8re de formation.<\/p>\n<p>Nous croyons profond\u00e9ment qu\u2019<strong>un \u00e9tudiant \u00e9panoui est un \u00e9tudiant align\u00e9<\/strong>.<br \/>C\u2019est pourquoi nous accompagnons chaque apprenant dans le d\u00e9veloppement de ses comp\u00e9tences, sans jamais lui demander de renoncer \u00e0 son identit\u00e9, sa cr\u00e9ativit\u00e9 ou ses valeurs.<\/p>\t\t\t\t\t\t\t\t<\/div>\n\t\t\t\t<\/div>\n\t\t<div class=\"elementor-element elementor-element-d264e11 e-con-full e-flex e-con e-child\" data-id=\"d264e11\" data-element_type=\"container\" data-e-type=\"container\">\n\t\t\t\t<div class=\"elementor-element elementor-element-f77f607 elementor-widget elementor-widget-text-editor\" data-id=\"f77f607\" data-element_type=\"widget\" data-e-type=\"widget\" data-widget_type=\"text-editor.default\">\n\t\t\t\t\t\t\t\t\t<h3 style=\"text-align: left;\">Notre mission<\/h3><p style=\"text-align: left;\"><strong>Transformer une passion en m\u00e9tier<\/strong><\/p><p style=\"text-align: left;\">Nous formons des cr\u00e9atifs capables :<\/p><ul><li style=\"text-align: left;\">d\u2019int\u00e9grer rapidement le march\u00e9 du travail<\/li><li style=\"text-align: left;\">de s\u2019adapter \u00e0 des secteurs en constante \u00e9volution<\/li><li style=\"text-align: left;\">de d\u00e9velopper un regard critique et une v\u00e9ritable autonomie professionnelle<\/li><\/ul><p style=\"text-align: left;\">Nos formations sont r\u00e9guli\u00e8rement actualis\u00e9es afin de rester en phase avec les attentes et les besoins des entreprises.<\/p>\t\t\t\t\t\t\t\t<\/div>\n\t\t\t\t<\/div>\n\t\t<div class=\"elementor-element elementor-element-e3524f5 e-con-full e-flex e-con e-child\" data-id=\"e3524f5\" data-element_type=\"container\" data-e-type=\"container\">\n\t\t\t\t<div class=\"elementor-element elementor-element-775b6be elementor-widget elementor-widget-image\" data-id=\"775b6be\" data-element_type=\"widget\" data-e-type=\"widget\" data-widget_type=\"image.default\">\n\t\t\t\t\t\t\t\t\t\t\t\t\t\t\t<img decoding=\"async\" width=\"683\" height=\"1024\" src=\"https:\/\/www.congruences-formation.com\/wp-content\/uploads\/2026\/01\/L7A0562-683x1024.jpg\" class=\"attachment-large size-large wp-image-306\" alt=\"l7a0562\" srcset=\"https:\/\/www.congruences-formation.com\/wp-content\/uploads\/2026\/01\/L7A0562-683x1024.jpg 683w, https:\/\/www.congruences-formation.com\/wp-content\/uploads\/2026\/01\/L7A0562-200x300.jpg 200w, https:\/\/www.congruences-formation.com\/wp-content\/uploads\/2026\/01\/L7A0562-768x1152.jpg 768w, https:\/\/www.congruences-formation.com\/wp-content\/uploads\/2026\/01\/L7A0562-1024x1536.jpg 1024w, https:\/\/www.congruences-formation.com\/wp-content\/uploads\/2026\/01\/L7A0562-1365x2048.jpg 1365w, https:\/\/www.congruences-formation.com\/wp-content\/uploads\/2026\/01\/L7A0562-scaled.jpg 1707w\" sizes=\"(max-width: 683px) 100vw, 683px\" title=\"L\u2019Ecole\">\t\t\t\t\t\t\t\t\t\t\t\t\t\t\t<\/div>\n\t\t\t\t<div class=\"elementor-element elementor-element-d4501ad elementor-widget__width-inherit elementor-widget elementor-widget-text-editor\" data-id=\"d4501ad\" data-element_type=\"widget\" data-e-type=\"widget\" data-widget_type=\"text-editor.default\">\n\t\t\t\t\t\t\t\t\t<h3 style=\"text-align: left;\">Une \u00e9cole connect\u00e9e au monde r\u00e9el<\/h3><p style=\"text-align: left;\"><strong>Des \u00e9v\u00e9nements qui rythment l\u2019ann\u00e9e<\/strong><\/p><p style=\"text-align: left;\">La vie \u00e0 Congruences Formation est ponctu\u00e9e de nombreux temps forts p\u00e9dagogiques et professionnels :<\/p><p style=\"text-align: left;\">D\u00e9fil\u00e9 des travaux \u00e9tudiants<br \/>Journ\u00e9es Portes Ouvertes, sc\u00e9nographi\u00e9es par les \u00e9tudiants<br \/>Showroom \u00e9tudiant r\u00e9unissant les projets de toutes les fili\u00e8res<br \/>Stages d\u00e9couverte pour les lyc\u00e9ens<br \/>Job Dating avec des entreprises partenaires<\/p><p style=\"text-align: left;\">Vie \u00e9tudiante :<\/p><p style=\"text-align: left;\">Voyage culturel annuel<br \/>Soir\u00e9e d\u2019int\u00e9gration<br \/>Remise des dipl\u00f4mes<\/p><p style=\"text-align: left;\">Des moments essentiels pour cr\u00e9er du lien, stimuler la cr\u00e9ativit\u00e9 et renforcer la coh\u00e9sion entre les \u00e9tudiants.<\/p><h3 style=\"text-align: left;\">Notre vision<\/h3><p style=\"text-align: left;\"><strong>\u00a0\u00bb Cr\u00e9er une \u00e9cole o\u00f9 chacun peut devenir la meilleure version de soi-m\u00eame\u00a0\u00bb<\/strong><\/p><p style=\"text-align: left;\">Congruences Formation est bien plus qu\u2019un lieu d\u2019apprentissage.<br \/>C\u2019est un espace o\u00f9 l\u2019on grandit, o\u00f9 l\u2019on exp\u00e9rimente, o\u00f9 l\u2019on ose, et o\u00f9 l\u2019on s\u2019aligne.<\/p><p style=\"text-align: left;\">Une \u00e9cole qui r\u00e9v\u00e8le les talents et accompagne chaque \u00e9tudiant vers son avenir professionnel, avec sens et exigence.<\/p>\t\t\t\t\t\t\t\t<\/div>\n\t\t\t\t<\/div>\n\t\t\t\t<\/div>\n\t\t\t\t<\/div>\n\t\t\t\t<\/div>\n\t\t","protected":false},"excerpt":{"rendered":"<p>Notre \u00e9cole repose sur trois piliers fondamentaux : \u00a0 \u00a0 \u00a0 Inclusivit\u00e9\u00a0 \u00a0Humanisme \u00a0 \u00a0 \u00c9cologie \u00a0 \u00a0 \u00a0 Notre ambition est claire : former des professionnels imm\u00e9diatement op\u00e9rationnels, capables de s\u2019int\u00e9grer rapidement dans le monde du travail tout en restant fid\u00e8les \u00e0 leurs valeurs. Notre identit\u00e9 Former des cr\u00e9atifs comp\u00e9tents, responsables et engag\u00e9s Congruences [&hellip;]<\/p>\n","protected":false},"author":2,"featured_media":0,"parent":0,"menu_order":0,"comment_status":"closed","ping_status":"closed","template":"","meta":{"_acf_changed":false,"footnotes":""},"class_list":["post-562","page","type-page","status-publish","hentry"],"acf":[],"_links":{"self":[{"href":"https:\/\/www.congruences-formation.com\/index.php\/wp-json\/wp\/v2\/pages\/562","targetHints":{"allow":["GET"]}}],"collection":[{"href":"https:\/\/www.congruences-formation.com\/index.php\/wp-json\/wp\/v2\/pages"}],"about":[{"href":"https:\/\/www.congruences-formation.com\/index.php\/wp-json\/wp\/v2\/types\/page"}],"author":[{"embeddable":true,"href":"https:\/\/www.congruences-formation.com\/index.php\/wp-json\/wp\/v2\/users\/2"}],"replies":[{"embeddable":true,"href":"https:\/\/www.congruences-formation.com\/index.php\/wp-json\/wp\/v2\/comments?post=562"}],"version-history":[{"count":109,"href":"https:\/\/www.congruences-formation.com\/index.php\/wp-json\/wp\/v2\/pages\/562\/revisions"}],"predecessor-version":[{"id":2501,"href":"https:\/\/www.congruences-formation.com\/index.php\/wp-json\/wp\/v2\/pages\/562\/revisions\/2501"}],"wp:attachment":[{"href":"https:\/\/www.congruences-formation.com\/index.php\/wp-json\/wp\/v2\/media?parent=562"}],"curies":[{"name":"wp","href":"https:\/\/api.w.org\/{rel}","templated":true}]}}