{"id":553,"date":"2026-01-15T13:48:37","date_gmt":"2026-01-15T13:48:37","guid":{"rendered":"https:\/\/www.congruences-formation.com\/?page_id=553"},"modified":"2026-03-01T09:03:47","modified_gmt":"2026-03-01T09:03:47","slug":"indicateurs-cles","status":"publish","type":"page","link":"https:\/\/www.congruences-formation.com\/index.php\/indicateurs-cles\/","title":{"rendered":"Indicateurs cl\u00e9s"},"content":{"rendered":"\t\t<div data-elementor-type=\"wp-page\" data-elementor-id=\"553\" class=\"elementor elementor-553\" data-elementor-post-type=\"page\">\n\t\t\t\t<div class=\"elementor-element elementor-element-7f14d97d e-flex e-con-boxed e-con e-parent\" data-id=\"7f14d97d\" data-element_type=\"container\" data-e-type=\"container\">\n\t\t\t\t\t<div class=\"e-con-inner\">\n\t\t\t\t<div class=\"elementor-element elementor-element-54f6ebfe elementor-widget elementor-widget-text-editor\" data-id=\"54f6ebfe\" data-element_type=\"widget\" data-e-type=\"widget\" data-widget_type=\"text-editor.default\">\n\t\t\t\t\t\t\t\t\t<h3>Indicateurs cl\u00e9s<\/h3><p>Pour les dipl\u00f4mes d\u00e9livr\u00e9es par les minist\u00e8res, vous pouvez consulter les indicateurs cit\u00e9s \u00e0 l\u2019article L.6111-8 du code du travail :<\/p><p><a href=\"https:\/\/code.travail.gouv.fr\/code-du-travail\/l6111-8\" target=\"_blank\" rel=\"noopener\">https:\/\/code.travail.gouv.fr\/code-du-travail\/l6111-8<\/a><\/p><p>Voir aussi :<\/p><p><a href=\"https:\/\/www.inserjeunes.education.gouv.fr\/diffusion\/accueil\" target=\"_blank\" rel=\"noopener\">https:\/\/www.inserjeunes.education.gouv.fr\/diffusion\/accueil<\/a><\/p><p>Nous aurons bient\u00f4t le plaisir d&rsquo;afficher ici ces indicateurs.<\/p>\t\t\t\t\t\t\t\t<\/div>\n\t\t\t\t\t<\/div>\n\t\t\t\t<\/div>\n\t\t\t\t<\/div>\n\t\t","protected":false},"excerpt":{"rendered":"<p>Indicateurs cl\u00e9s Pour les dipl\u00f4mes d\u00e9livr\u00e9es par les minist\u00e8res, vous pouvez consulter les indicateurs cit\u00e9s \u00e0 l\u2019article L.6111-8 du code du travail : https:\/\/code.travail.gouv.fr\/code-du-travail\/l6111-8 Voir aussi : https:\/\/www.inserjeunes.education.gouv.fr\/diffusion\/accueil Nous aurons bient\u00f4t le plaisir d&rsquo;afficher ici ces indicateurs.<\/p>\n","protected":false},"author":2,"featured_media":0,"parent":0,"menu_order":0,"comment_status":"closed","ping_status":"closed","template":"","meta":{"_acf_changed":false,"footnotes":""},"class_list":["post-553","page","type-page","status-publish","hentry"],"acf":[],"_links":{"self":[{"href":"https:\/\/www.congruences-formation.com\/index.php\/wp-json\/wp\/v2\/pages\/553","targetHints":{"allow":["GET"]}}],"collection":[{"href":"https:\/\/www.congruences-formation.com\/index.php\/wp-json\/wp\/v2\/pages"}],"about":[{"href":"https:\/\/www.congruences-formation.com\/index.php\/wp-json\/wp\/v2\/types\/page"}],"author":[{"embeddable":true,"href":"https:\/\/www.congruences-formation.com\/index.php\/wp-json\/wp\/v2\/users\/2"}],"replies":[{"embeddable":true,"href":"https:\/\/www.congruences-formation.com\/index.php\/wp-json\/wp\/v2\/comments?post=553"}],"version-history":[{"count":10,"href":"https:\/\/www.congruences-formation.com\/index.php\/wp-json\/wp\/v2\/pages\/553\/revisions"}],"predecessor-version":[{"id":3400,"href":"https:\/\/www.congruences-formation.com\/index.php\/wp-json\/wp\/v2\/pages\/553\/revisions\/3400"}],"wp:attachment":[{"href":"https:\/\/www.congruences-formation.com\/index.php\/wp-json\/wp\/v2\/media?parent=553"}],"curies":[{"name":"wp","href":"https:\/\/api.w.org\/{rel}","templated":true}]}}