{"id":4222,"date":"2026-03-17T13:25:41","date_gmt":"2026-03-17T13:25:41","guid":{"rendered":"https:\/\/www.congruences-formation.com\/?page_id=4222"},"modified":"2026-03-17T14:19:07","modified_gmt":"2026-03-17T14:19:07","slug":"home-2","status":"publish","type":"page","link":"https:\/\/www.congruences-formation.com\/index.php\/en\/home-2\/","title":{"rendered":"Accueil &#8211; ENG"},"content":{"rendered":"\t\t<div data-elementor-type=\"wp-page\" data-elementor-id=\"4222\" class=\"elementor elementor-4222\" data-elementor-post-type=\"page\">\n\t\t\t\t<div class=\"elementor-element elementor-element-2e83e1e2 e-flex e-con-boxed e-con e-parent\" data-id=\"2e83e1e2\" data-element_type=\"container\" data-e-type=\"container\">\n\t\t\t\t\t<div class=\"e-con-inner\">\n\t\t\t\t<div class=\"elementor-element elementor-element-50cf7067 elementor-widget elementor-widget-text-editor\" data-id=\"50cf7067\" data-element_type=\"widget\" data-e-type=\"widget\" data-widget_type=\"text-editor.default\">\n\t\t\t\t\t\t\t\t\t\n<div class=\"wp-block-column is-vertically-aligned-center is-layout-flow wp-block-column-is-layout-flow\" style=\"flex-basis: 66.66%;\">\n<p class=\"wp-block-heading has-text-color has-link-color wp-elements-ba5270bb46f8db3cd9adf16900f38138\" style=\"color: #bf4343; font-family: Futura; font-size: 22px;\"><strong>Congruences Formation \u2014 Notre ADN<\/strong><\/p>\n\n\n\n<p class=\"has-small-font-size\">Congruences Formation est un Centre de Formation d\u2019Apprentis d\u00e9di\u00e9 aux arts appliqu\u00e9s et aux savoir-faire artisanaux.<br \/>Notre mission est simple : former les futurs professionnels de la cr\u00e9ation en leur transmettant les techniques, les gestes et la culture qui font la richesse de l\u2019artisanat fran\u00e7ais.<\/p>\n\n\n\n<p class=\"has-small-font-size\">Une \u00e9cole engag\u00e9e pour les m\u00e9tiers d\u2019art<br \/>En tant qu\u2019association \u00e0 but non lucratif, Congruences Formation place la transmission et l\u2019int\u00e9r\u00eat g\u00e9n\u00e9ral au c\u0153ur de son action.<br \/>Nos formations en alternance permettent aux apprentis de d\u00e9velopper :<\/p>\n\n\n\n<ul class=\"wp-block-list\">\n<li class=\"has-small-font-size\">une ma\u00eetrise solide des techniques traditionnelles,<\/li>\n\n\n\n<li class=\"has-small-font-size\">une compr\u00e9hension des enjeux culturels et cr\u00e9atifs,<\/li>\n\n\n\n<li class=\"has-small-font-size\">une exp\u00e9rience professionnelle concr\u00e8te en entreprise.<\/li>\n<\/ul>\n\n\n\n<p class=\"has-small-font-size\">Nous formons des profils capables d\u2019\u00e9voluer dans les secteurs de la cr\u00e9ation, du design, du patrimoine, de la mode et des m\u00e9tiers d\u2019art.<\/p>\n<\/div>\n\t\t\t\t\t\t\t\t<\/div>\n\t\t\t\t\t<\/div>\n\t\t\t\t<\/div>\n\t\t<div class=\"elementor-element elementor-element-50e1ef1 e-grid e-con-boxed e-con e-parent\" data-id=\"50e1ef1\" data-element_type=\"container\" data-e-type=\"container\">\n\t\t\t\t\t<div class=\"e-con-inner\">\n\t\t\t\t\t<\/div>\n\t\t\t\t<\/div>\n\t\t\t\t<\/div>\n\t\t","protected":false},"excerpt":{"rendered":"","protected":false},"author":2,"featured_media":0,"parent":0,"menu_order":0,"comment_status":"closed","ping_status":"closed","template":"","meta":{"_acf_changed":false,"footnotes":""},"class_list":["post-4222","page","type-page","status-publish","hentry"],"acf":[],"_links":{"self":[{"href":"https:\/\/www.congruences-formation.com\/index.php\/wp-json\/wp\/v2\/pages\/4222","targetHints":{"allow":["GET"]}}],"collection":[{"href":"https:\/\/www.congruences-formation.com\/index.php\/wp-json\/wp\/v2\/pages"}],"about":[{"href":"https:\/\/www.congruences-formation.com\/index.php\/wp-json\/wp\/v2\/types\/page"}],"author":[{"embeddable":true,"href":"https:\/\/www.congruences-formation.com\/index.php\/wp-json\/wp\/v2\/users\/2"}],"replies":[{"embeddable":true,"href":"https:\/\/www.congruences-formation.com\/index.php\/wp-json\/wp\/v2\/comments?post=4222"}],"version-history":[{"count":3,"href":"https:\/\/www.congruences-formation.com\/index.php\/wp-json\/wp\/v2\/pages\/4222\/revisions"}],"predecessor-version":[{"id":4258,"href":"https:\/\/www.congruences-formation.com\/index.php\/wp-json\/wp\/v2\/pages\/4222\/revisions\/4258"}],"wp:attachment":[{"href":"https:\/\/www.congruences-formation.com\/index.php\/wp-json\/wp\/v2\/media?parent=4222"}],"curies":[{"name":"wp","href":"https:\/\/api.w.org\/{rel}","templated":true}]}}