{"id":4129,"date":"2026-03-14T09:37:02","date_gmt":"2026-03-14T09:37:02","guid":{"rendered":"https:\/\/www.congruences-formation.com\/?page_id=4129"},"modified":"2026-03-14T10:34:33","modified_gmt":"2026-03-14T10:34:33","slug":"our-team","status":"publish","type":"page","link":"https:\/\/www.congruences-formation.com\/index.php\/our-team\/","title":{"rendered":"Our team"},"content":{"rendered":"\t\t<div data-elementor-type=\"wp-page\" data-elementor-id=\"4129\" class=\"elementor elementor-4129\" data-elementor-post-type=\"page\">\n\t\t\t\t<div class=\"elementor-element elementor-element-18aab638 e-flex e-con-boxed e-con e-parent\" data-id=\"18aab638\" data-element_type=\"container\" data-e-type=\"container\">\n\t\t\t\t\t<div class=\"e-con-inner\">\n\t\t\t\t<div class=\"elementor-element elementor-element-f26ad8a elementor-widget elementor-widget-heading\" data-id=\"f26ad8a\" data-element_type=\"widget\" data-e-type=\"widget\" data-widget_type=\"heading.default\">\n\t\t\t\t\t<h2 class=\"elementor-heading-title elementor-size-default\">Our team<\/h2>\t\t\t\t<\/div>\n\t\t<div class=\"elementor-element elementor-element-a478c1d e-con-full e-flex e-con e-child\" data-id=\"a478c1d\" data-element_type=\"container\" data-e-type=\"container\">\n\t\t<div class=\"elementor-element elementor-element-863a99d e-grid e-con-full e-con e-child\" data-id=\"863a99d\" data-element_type=\"container\" data-e-type=\"container\">\n\t\t<div class=\"elementor-element elementor-element-cd2708c e-flex e-con-boxed e-con e-child\" data-id=\"cd2708c\" data-element_type=\"container\" data-e-type=\"container\">\n\t\t\t\t\t<div class=\"e-con-inner\">\n\t\t<div class=\"elementor-element elementor-element-eca1f93 e-con-full e-flex e-con e-child\" data-id=\"eca1f93\" data-element_type=\"container\" data-e-type=\"container\">\n\t\t\t\t<div class=\"elementor-element elementor-element-faf5b7d elementor-widget elementor-widget-image\" data-id=\"faf5b7d\" data-element_type=\"widget\" data-e-type=\"widget\" data-widget_type=\"image.default\">\n\t\t\t\t\t\t\t\t\t\t\t\t\t\t\t<img decoding=\"async\" width=\"200\" height=\"200\" src=\"https:\/\/www.congruences-formation.com\/wp-content\/uploads\/2026\/01\/1664616618152-2.jpg\" class=\"attachment-large size-large wp-image-543\" alt=\"1664616618152\" srcset=\"https:\/\/www.congruences-formation.com\/wp-content\/uploads\/2026\/01\/1664616618152-2.jpg 200w, https:\/\/www.congruences-formation.com\/wp-content\/uploads\/2026\/01\/1664616618152-2-150x150.jpg 150w\" sizes=\"(max-width: 200px) 100vw, 200px\" title=\"Our team\">\t\t\t\t\t\t\t\t\t\t\t\t\t\t\t<\/div>\n\t\t\t\t<\/div>\n\t\t\t\t<div class=\"elementor-element elementor-element-a035b52 elementor-widget elementor-widget-text-editor\" data-id=\"a035b52\" data-element_type=\"widget\" data-e-type=\"widget\" data-widget_type=\"text-editor.default\">\n\t\t\t\t\t\t\t\t\t<p style=\"text-align: center;\"><strong>Lin\u00e9da BUFFA<\/strong><br \/>Pr\u00e9sidente<br \/>Directrice p\u00e9dagogique<br \/>R\u00e9f\u00e9rente d\u00e9veloppement durable<br \/>R\u00e9f\u00e9rente handicap<\/p>\t\t\t\t\t\t\t\t<\/div>\n\t\t\t\t\t<\/div>\n\t\t\t\t<\/div>\n\t\t<div class=\"elementor-element elementor-element-1d34204 e-flex e-con-boxed e-con e-child\" data-id=\"1d34204\" data-element_type=\"container\" data-e-type=\"container\">\n\t\t\t\t\t<div class=\"e-con-inner\">\n\t\t<div class=\"elementor-element elementor-element-eee2d33 e-con-full e-flex e-con e-child\" data-id=\"eee2d33\" data-element_type=\"container\" data-e-type=\"container\">\n\t\t\t\t<div class=\"elementor-element elementor-element-8f6a9e8 elementor-widget elementor-widget-image\" data-id=\"8f6a9e8\" data-element_type=\"widget\" data-e-type=\"widget\" data-widget_type=\"image.default\">\n\t\t\t\t\t\t\t\t\t\t\t\t\t\t\t<img fetchpriority=\"high\" decoding=\"async\" width=\"937\" height=\"1024\" src=\"https:\/\/www.congruences-formation.com\/wp-content\/uploads\/2026\/01\/photo_IMG_20250907_080603-937x1024.jpg\" class=\"attachment-large size-large wp-image-546\" alt=\"photo img 20250907 080603\" srcset=\"https:\/\/www.congruences-formation.com\/wp-content\/uploads\/2026\/01\/photo_IMG_20250907_080603-937x1024.jpg 937w, https:\/\/www.congruences-formation.com\/wp-content\/uploads\/2026\/01\/photo_IMG_20250907_080603-275x300.jpg 275w, https:\/\/www.congruences-formation.com\/wp-content\/uploads\/2026\/01\/photo_IMG_20250907_080603-768x839.jpg 768w, https:\/\/www.congruences-formation.com\/wp-content\/uploads\/2026\/01\/photo_IMG_20250907_080603.jpg 1200w\" sizes=\"(max-width: 937px) 100vw, 937px\" title=\"Our team\">\t\t\t\t\t\t\t\t\t\t\t\t\t\t\t<\/div>\n\t\t\t\t<\/div>\n\t\t\t\t<div class=\"elementor-element elementor-element-b519f81 elementor-widget elementor-widget-text-editor\" data-id=\"b519f81\" data-element_type=\"widget\" data-e-type=\"widget\" data-widget_type=\"text-editor.default\">\n\t\t\t\t\t\t\t\t\t<p style=\"text-align: center;\"><strong>Fr\u00e9d\u00e9ric MARIE-JEANNE<\/strong><br \/>Directeur G\u00e9n\u00e9ral<br \/>R\u00e9f\u00e9rent YPareo neo<\/p>\t\t\t\t\t\t\t\t<\/div>\n\t\t\t\t\t<\/div>\n\t\t\t\t<\/div>\n\t\t<div class=\"elementor-element elementor-element-676df9c e-flex e-con-boxed e-con e-child\" data-id=\"676df9c\" data-element_type=\"container\" data-e-type=\"container\">\n\t\t\t\t\t<div class=\"e-con-inner\">\n\t\t<div class=\"elementor-element elementor-element-5e56efc e-con-full e-flex e-con e-child\" data-id=\"5e56efc\" data-element_type=\"container\" data-e-type=\"container\">\n\t\t\t\t<div class=\"elementor-element elementor-element-2f137a6 elementor-widget elementor-widget-image\" data-id=\"2f137a6\" data-element_type=\"widget\" data-e-type=\"widget\" data-widget_type=\"image.default\">\n\t\t\t\t\t\t\t\t\t\t\t\t\t\t\t<img decoding=\"async\" width=\"656\" height=\"654\" src=\"https:\/\/www.congruences-formation.com\/wp-content\/uploads\/2026\/03\/mamadou.jpg\" class=\"attachment-large size-large wp-image-3772\" alt=\"mamadou\" srcset=\"https:\/\/www.congruences-formation.com\/wp-content\/uploads\/2026\/03\/mamadou.jpg 656w, https:\/\/www.congruences-formation.com\/wp-content\/uploads\/2026\/03\/mamadou-300x300.jpg 300w, https:\/\/www.congruences-formation.com\/wp-content\/uploads\/2026\/03\/mamadou-150x150.jpg 150w\" sizes=\"(max-width: 656px) 100vw, 656px\" title=\"Our team\">\t\t\t\t\t\t\t\t\t\t\t\t\t\t\t<\/div>\n\t\t\t\t<\/div>\n\t\t\t\t<div class=\"elementor-element elementor-element-4a7c093 elementor-widget elementor-widget-text-editor\" data-id=\"4a7c093\" data-element_type=\"widget\" data-e-type=\"widget\" data-widget_type=\"text-editor.default\">\n\t\t\t\t\t\t\t\t\t<p style=\"text-align: center;\"><strong>Mamadou Lamine MANE<\/strong><br \/>Consultant \u00e9ditorial<br \/>Style de vie, Culture et Mode<\/p>\t\t\t\t\t\t\t\t<\/div>\n\t\t\t\t\t<\/div>\n\t\t\t\t<\/div>\n\t\t<div class=\"elementor-element elementor-element-92fc94d e-con-full e-flex e-con e-child\" data-id=\"92fc94d\" data-element_type=\"container\" data-e-type=\"container\">\n\t\t\t\t<\/div>\n\t\t<div class=\"elementor-element elementor-element-f97d500 e-flex e-con-boxed e-con e-child\" data-id=\"f97d500\" data-element_type=\"container\" data-e-type=\"container\">\n\t\t\t\t\t<div class=\"e-con-inner\">\n\t\t<div class=\"elementor-element elementor-element-956fea9 e-con-full e-flex e-con e-child\" data-id=\"956fea9\" data-element_type=\"container\" data-e-type=\"container\">\n\t\t\t\t<div class=\"elementor-element elementor-element-e391fbb elementor-widget elementor-widget-image\" data-id=\"e391fbb\" data-element_type=\"widget\" data-e-type=\"widget\" data-widget_type=\"image.default\">\n\t\t\t\t\t\t\t\t\t\t\t\t\t\t\t<img loading=\"lazy\" decoding=\"async\" width=\"863\" height=\"864\" src=\"https:\/\/www.congruences-formation.com\/wp-content\/uploads\/2026\/01\/B0080852-Modifier-1.jpg\" class=\"attachment-large size-large wp-image-547\" alt=\"elisabeth oros sept 2024 nathanaelle\" srcset=\"https:\/\/www.congruences-formation.com\/wp-content\/uploads\/2026\/01\/B0080852-Modifier-1.jpg 863w, https:\/\/www.congruences-formation.com\/wp-content\/uploads\/2026\/01\/B0080852-Modifier-1-300x300.jpg 300w, https:\/\/www.congruences-formation.com\/wp-content\/uploads\/2026\/01\/B0080852-Modifier-1-150x150.jpg 150w, https:\/\/www.congruences-formation.com\/wp-content\/uploads\/2026\/01\/B0080852-Modifier-1-768x769.jpg 768w, https:\/\/www.congruences-formation.com\/wp-content\/uploads\/2026\/01\/elementor\/thumbs\/B0080852-Modifier-1-rhoabz944cikqbyutb8t2w4y7u1cop7jzbziqheua8.jpg 200w\" sizes=\"(max-width: 863px) 100vw, 863px\" title=\"Our team\">\t\t\t\t\t\t\t\t\t\t\t\t\t\t\t<\/div>\n\t\t\t\t<\/div>\n\t\t\t\t<div class=\"elementor-element elementor-element-1ba403f elementor-widget elementor-widget-text-editor\" data-id=\"1ba403f\" data-element_type=\"widget\" data-e-type=\"widget\" data-widget_type=\"text-editor.default\">\n\t\t\t\t\t\t\t\t\t<p style=\"text-align: center;\"><strong>Elisabeth Oros<\/strong><br \/>Charg\u00e9e de la Communication et du Marketing Digital<\/p>\t\t\t\t\t\t\t\t<\/div>\n\t\t\t\t\t<\/div>\n\t\t\t\t<\/div>\n\t\t<div class=\"elementor-element elementor-element-cca0fde e-flex e-con-boxed e-con e-child\" data-id=\"cca0fde\" data-element_type=\"container\" data-e-type=\"container\">\n\t\t\t\t\t<div class=\"e-con-inner\">\n\t\t<div class=\"elementor-element elementor-element-52aced0 e-con-full e-flex e-con e-child\" data-id=\"52aced0\" data-element_type=\"container\" data-e-type=\"container\">\n\t\t\t\t<div class=\"elementor-element elementor-element-64187bc elementor-widget elementor-widget-image\" data-id=\"64187bc\" data-element_type=\"widget\" data-e-type=\"widget\" data-widget_type=\"image.default\">\n\t\t\t\t\t\t\t\t\t\t\t\t\t\t\t<img loading=\"lazy\" decoding=\"async\" width=\"745\" height=\"1024\" src=\"https:\/\/www.congruences-formation.com\/wp-content\/uploads\/2026\/01\/stefan_varicak-745x1024.jpg\" class=\"attachment-large size-large wp-image-379\" alt=\"stefan varicak\" srcset=\"https:\/\/www.congruences-formation.com\/wp-content\/uploads\/2026\/01\/stefan_varicak-745x1024.jpg 745w, https:\/\/www.congruences-formation.com\/wp-content\/uploads\/2026\/01\/stefan_varicak-218x300.jpg 218w, https:\/\/www.congruences-formation.com\/wp-content\/uploads\/2026\/01\/stefan_varicak-768x1056.jpg 768w, https:\/\/www.congruences-formation.com\/wp-content\/uploads\/2026\/01\/stefan_varicak-1117x1536.jpg 1117w, https:\/\/www.congruences-formation.com\/wp-content\/uploads\/2026\/01\/stefan_varicak-1489x2048.jpg 1489w, https:\/\/www.congruences-formation.com\/wp-content\/uploads\/2026\/01\/stefan_varicak-scaled.jpg 1862w\" sizes=\"(max-width: 745px) 100vw, 745px\" title=\"Our team\">\t\t\t\t\t\t\t\t\t\t\t\t\t\t\t<\/div>\n\t\t\t\t<\/div>\n\t\t\t\t<div class=\"elementor-element elementor-element-9add051 elementor-widget elementor-widget-text-editor\" data-id=\"9add051\" data-element_type=\"widget\" data-e-type=\"widget\" data-widget_type=\"text-editor.default\">\n\t\t\t\t\t\t\t\t\t<p style=\"text-align: center;\"><strong>Stefan Varicak<\/strong><br \/>Charg\u00e9 de Partenariats &#8211; \u00e9v\u00e9nementiel<\/p>\t\t\t\t\t\t\t\t<\/div>\n\t\t\t\t\t<\/div>\n\t\t\t\t<\/div>\n\t\t<div class=\"elementor-element elementor-element-01443c3 e-flex e-con-boxed e-con e-child\" data-id=\"01443c3\" data-element_type=\"container\" data-e-type=\"container\">\n\t\t\t\t\t<div class=\"e-con-inner\">\n\t\t<div class=\"elementor-element elementor-element-0bb182b e-con-full e-flex e-con e-child\" data-id=\"0bb182b\" data-element_type=\"container\" data-e-type=\"container\">\n\t\t\t\t<div class=\"elementor-element elementor-element-c946527 elementor-widget elementor-widget-image\" data-id=\"c946527\" data-element_type=\"widget\" data-e-type=\"widget\" data-widget_type=\"image.default\">\n\t\t\t\t\t\t\t\t\t\t\t\t\t\t\t<img loading=\"lazy\" decoding=\"async\" width=\"800\" height=\"800\" src=\"https:\/\/www.congruences-formation.com\/wp-content\/uploads\/2026\/01\/1765370598233.jpg\" class=\"attachment-large size-large wp-image-544\" alt=\"1765370598233\" srcset=\"https:\/\/www.congruences-formation.com\/wp-content\/uploads\/2026\/01\/1765370598233.jpg 800w, https:\/\/www.congruences-formation.com\/wp-content\/uploads\/2026\/01\/1765370598233-300x300.jpg 300w, https:\/\/www.congruences-formation.com\/wp-content\/uploads\/2026\/01\/1765370598233-150x150.jpg 150w, https:\/\/www.congruences-formation.com\/wp-content\/uploads\/2026\/01\/1765370598233-768x768.jpg 768w, https:\/\/www.congruences-formation.com\/wp-content\/uploads\/2026\/01\/elementor\/thumbs\/1765370598233-rho9qeufb6zqcfamqzmyvc27jkc62pl9ol4gbxe11s.jpg 200w\" sizes=\"(max-width: 800px) 100vw, 800px\" title=\"Our team\">\t\t\t\t\t\t\t\t\t\t\t\t\t\t\t<\/div>\n\t\t\t\t<\/div>\n\t\t\t\t<div class=\"elementor-element elementor-element-e0b9bc3 elementor-widget elementor-widget-text-editor\" data-id=\"e0b9bc3\" data-element_type=\"widget\" data-e-type=\"widget\" data-widget_type=\"text-editor.default\">\n\t\t\t\t\t\t\t\t\t<p style=\"text-align: center;\"><strong>Samuel Vernhet Sellem<\/strong>\nCharg\u00e9 des Relations Entreprises, R\u00e9f\u00e9rent Mobilit\u00e9 Nationale et Internationale<\/p>\t\t\t\t\t\t\t\t<\/div>\n\t\t\t\t\t<\/div>\n\t\t\t\t<\/div>\n\t\t<div class=\"elementor-element elementor-element-e6c0ecb e-flex e-con-boxed e-con e-child\" data-id=\"e6c0ecb\" data-element_type=\"container\" data-e-type=\"container\">\n\t\t\t\t\t<div class=\"e-con-inner\">\n\t\t<div class=\"elementor-element elementor-element-399b66b e-con-full e-flex e-con e-child\" data-id=\"399b66b\" data-element_type=\"container\" data-e-type=\"container\">\n\t\t\t\t<div class=\"elementor-element elementor-element-fa15855 elementor-widget elementor-widget-image\" data-id=\"fa15855\" data-element_type=\"widget\" data-e-type=\"widget\" data-widget_type=\"image.default\">\n\t\t\t\t\t\t\t\t\t\t\t\t\t\t\t<img loading=\"lazy\" decoding=\"async\" width=\"960\" height=\"640\" src=\"https:\/\/www.congruences-formation.com\/wp-content\/uploads\/2026\/02\/placeholder-2-1024x683.png\" class=\"attachment-large size-large wp-image-1579\" alt=\"placeholder 2.png\" srcset=\"https:\/\/www.congruences-formation.com\/wp-content\/uploads\/2026\/02\/placeholder-2-1024x683.png 1024w, https:\/\/www.congruences-formation.com\/wp-content\/uploads\/2026\/02\/placeholder-2-300x200.png 300w, https:\/\/www.congruences-formation.com\/wp-content\/uploads\/2026\/02\/placeholder-2-768x512.png 768w, https:\/\/www.congruences-formation.com\/wp-content\/uploads\/2026\/02\/placeholder-2.png 1200w\" sizes=\"(max-width: 960px) 100vw, 960px\" title=\"Our team\">\t\t\t\t\t\t\t\t\t\t\t\t\t\t\t<\/div>\n\t\t\t\t<\/div>\n\t\t\t\t<div class=\"elementor-element elementor-element-8104a97 elementor-widget elementor-widget-text-editor\" data-id=\"8104a97\" data-element_type=\"widget\" data-e-type=\"widget\" data-widget_type=\"text-editor.default\">\n\t\t\t\t\t\t\t\t\t<p style=\"text-align: center;\"><strong>Djamila Aoudjhane<\/strong><br \/>Assistante administrative<\/p>\t\t\t\t\t\t\t\t<\/div>\n\t\t\t\t\t<\/div>\n\t\t\t\t<\/div>\n\t\t\t\t<\/div>\n\t\t\t\t<\/div>\n\t\t\t\t\t<\/div>\n\t\t\t\t<\/div>\n\t\t\t\t<\/div>\n\t\t","protected":false},"excerpt":{"rendered":"<p>Our team Lin\u00e9da BUFFAPr\u00e9sidenteDirectrice p\u00e9dagogiqueR\u00e9f\u00e9rente d\u00e9veloppement durableR\u00e9f\u00e9rente handicap Fr\u00e9d\u00e9ric MARIE-JEANNEDirecteur G\u00e9n\u00e9ralR\u00e9f\u00e9rent YPareo neo Mamadou Lamine MANEConsultant \u00e9ditorialStyle de vie, Culture et Mode Elisabeth OrosCharg\u00e9e de la Communication et du Marketing Digital Stefan VaricakCharg\u00e9 de Partenariats &#8211; \u00e9v\u00e9nementiel Samuel Vernhet Sellem Charg\u00e9 des Relations Entreprises, R\u00e9f\u00e9rent Mobilit\u00e9 Nationale et Internationale Djamila AoudjhaneAssistante administrative<\/p>\n","protected":false},"author":1,"featured_media":0,"parent":0,"menu_order":0,"comment_status":"closed","ping_status":"closed","template":"","meta":{"_acf_changed":false,"footnotes":""},"class_list":["post-4129","page","type-page","status-publish","hentry"],"acf":[],"_links":{"self":[{"href":"https:\/\/www.congruences-formation.com\/index.php\/wp-json\/wp\/v2\/pages\/4129","targetHints":{"allow":["GET"]}}],"collection":[{"href":"https:\/\/www.congruences-formation.com\/index.php\/wp-json\/wp\/v2\/pages"}],"about":[{"href":"https:\/\/www.congruences-formation.com\/index.php\/wp-json\/wp\/v2\/types\/page"}],"author":[{"embeddable":true,"href":"https:\/\/www.congruences-formation.com\/index.php\/wp-json\/wp\/v2\/users\/1"}],"replies":[{"embeddable":true,"href":"https:\/\/www.congruences-formation.com\/index.php\/wp-json\/wp\/v2\/comments?post=4129"}],"version-history":[{"count":4,"href":"https:\/\/www.congruences-formation.com\/index.php\/wp-json\/wp\/v2\/pages\/4129\/revisions"}],"predecessor-version":[{"id":4135,"href":"https:\/\/www.congruences-formation.com\/index.php\/wp-json\/wp\/v2\/pages\/4129\/revisions\/4135"}],"wp:attachment":[{"href":"https:\/\/www.congruences-formation.com\/index.php\/wp-json\/wp\/v2\/media?parent=4129"}],"curies":[{"name":"wp","href":"https:\/\/api.w.org\/{rel}","templated":true}]}}