{"id":3465,"date":"2026-03-02T07:46:23","date_gmt":"2026-03-02T07:46:23","guid":{"rendered":"https:\/\/www.congruences-formation.com\/?page_id=3465"},"modified":"2026-04-11T12:54:17","modified_gmt":"2026-04-11T12:54:17","slug":"le-mot-de-la-presidente","status":"publish","type":"page","link":"https:\/\/www.congruences-formation.com\/index.php\/le-mot-de-la-presidente\/","title":{"rendered":"Le mot de la Pr\u00e9sidente"},"content":{"rendered":"\t\t<div data-elementor-type=\"wp-page\" data-elementor-id=\"3465\" class=\"elementor elementor-3465\" data-elementor-post-type=\"page\">\n\t\t\t\t<div class=\"elementor-element elementor-element-2d7e1d8e e-flex e-con-boxed e-con e-parent\" data-id=\"2d7e1d8e\" data-element_type=\"container\" data-e-type=\"container\">\n\t\t\t\t\t<div class=\"e-con-inner\">\n\t\t\t\t<div class=\"elementor-element elementor-element-533a4f02 elementor-widget elementor-widget-text-editor\" data-id=\"533a4f02\" data-element_type=\"widget\" data-e-type=\"widget\" data-widget_type=\"text-editor.default\">\n\t\t\t\t\t\t\t\t\t\n<div><strong><img decoding=\"async\" class=\"size-large wp-image-3471 aligncenter\" src=\"https:\/\/www.congruences-formation.com\/wp-content\/uploads\/2026\/03\/11-1024x498.jpg\" alt=\"11\" title=\"Le mot de la Pr\u00e9sidente\"><\/strong><\/div>\n<div>\u00a0<\/div>\n<div><span style=\"color: #000000;\"><strong>Le mot de la Pr\u00e9sidente<\/strong><\/span><\/div>\n<div class=\"default-style\">\u00a0<\/div>\n<div>Porter un CFA d\u2019excellence, c\u2019est r\u00e9unir ce que j\u2019ai toujours d\u00e9fendu\u202f: la cr\u00e9ation, l\u2019exigence et la transmission. Mon parcours s\u2019est construit \u00e0 la crois\u00e9e du design, de la peinture et de l\u2019enseignement, avec une conviction constante\u202f: former les talents de demain exige une vision artistique forte et une p\u00e9dagogie rigoureuse.<\/div>\n<div>\u00a0<\/div>\n<div>Dipl\u00f4m\u00e9e en arts appliqu\u00e9s, j\u2019ai \u00e9t\u00e9 directrice artistique pendant de nombreuses ann\u00e9es dans de grandes entreprises, tout en poursuivant ma carri\u00e8re d\u2019artiste peintre. Mes \u0153uvres sont expos\u00e9es \u00e0 Paris et \u00e0 l\u2019international, dans des mus\u00e9es en Chine, au Japon, \u00e0 Rome, en Pologne, ainsi que dans les grands salons parisiens\u202f: Art Capital, Salon Comparaison, Salon d\u2019Automne dont je suis soci\u00e9taire, Fondation Taylor, Acad\u00e9mie Europ\u00e9enne des Arts-France.<\/div>\n<div>\u00a0<\/div>\n<div>\u00c0 cette pratique artistique s\u2019ajoute un parcours acad\u00e9mique et p\u00e9dagogique solide\u202f: ing\u00e9nieure p\u00e9dagogique, titulaire d\u2019un Master 2 \u00e0 l\u2019Universit\u00e9 Paris Nanterre et d\u2019un Executive Master de Directeur du Num\u00e9rique \u00e0 Sciences Po Paris. Depuis plus de vingt ans, j\u2019enseigne, je con\u00e7ois des programmes, je dirige des \u00e9quipes p\u00e9dagogiques et j\u2019accompagne l\u2019innovation dans la formation (Universit\u00e9 Paris Nanterre, ANAFE, Cours Socrate etc. ).<\/div>\n<div>\u00a0<\/div>\n<div><span style=\"color: #000000;\"><strong>La congruence, un principe fondateur<\/strong><\/span><\/div>\n<div>La congruence, principe fondateur de l\u2019approche humaniste de Carl Rogers et fil conducteur de mon m\u00e9moire de Master, d\u00e9signe une mani\u00e8re d\u2019\u00eatre o\u00f9 l\u2019enseignant se pr\u00e9sente avec authenticit\u00e9, en accord avec son exp\u00e9rience interne. Cette pr\u00e9sence vraie cr\u00e9e un climat de s\u00e9curit\u00e9 affective indispensable \u00e0 tout apprentissage, un espace o\u00f9 l\u2019apprenant se sent suffisamment reconnu et libre pour oser, explorer et se transformer. Rogers montre que cette qualit\u00e9 relationnelle est aussi la source de la cr\u00e9ativit\u00e9\u202f: lorsque l\u2019environnement est congruent, chacun peut acc\u00e9der \u00e0 sa propre expressivit\u00e9, d\u00e9velopper sa singularit\u00e9 et d\u00e9ployer une cr\u00e9ativit\u00e9 vivante.<\/div>\n<div>\u00a0<\/div>\n<div><span style=\"color: #000000;\"><strong>Dans les m\u00e9tiers d\u2019art, de mode et de design, la congruence prend tout son sens<\/strong><\/span>\u00a0: elle permet \u00e0 chacun de d\u00e9velopper une identit\u00e9 artistique sinc\u00e8re, d\u2019assumer sa singularit\u00e9 et de cr\u00e9er avec intention. Elle est aussi un rep\u00e8re p\u00e9dagogique puissant, garantissant un environnement d\u2019apprentissage o\u00f9 l\u2019exigence, la bienveillance et la cr\u00e9ativit\u00e9 avancent ensemble.<\/div>\n<div>\u00a0<\/div>\n<div><span style=\"color: #000000;\"><strong>Une vision ouverte, un r\u00e9seau d\u2019exception<\/strong><\/span><\/div>\n<div>Cette double l\u00e9gitimit\u00e9 artistique et p\u00e9dagogique m\u2019a permis de construire un r\u00e9seau solide dans les domaines de la mode, du luxe et des arts, et de d\u00e9velopper des partenariats avec de grands noms cr\u00e9atifs. Elle nourrit l\u2019ambition de notre CFA\u202f: offrir \u00e0 chaque apprenant un environnement d\u2019excellence, ouvert sur le monde professionnel, sur la cr\u00e9ation contemporaine et sur les savoir-faire d\u2019exception.<\/div>\n<div>\u00a0<\/div>\n<div><strong><span style=\"color: #000000;\">Notre mission est claire<\/span>\u202f<\/strong>: r\u00e9v\u00e9ler les talents, valoriser les singularit\u00e9s et former des professionnels capables d\u2019inventer l\u2019avenir, avec coh\u00e9rence, exigence et cr\u00e9ativit\u00e9.<\/div>\n<div class=\"default-style\">\u00a0<\/div>\n<div class=\"default-style\">\u00a0<\/div>\n\t\t\t\t\t\t\t\t<\/div>\n\t\t\t\t\t<\/div>\n\t\t\t\t<\/div>\n\t\t\t\t<\/div>\n\t\t","protected":false},"excerpt":{"rendered":"<p>\u00a0 Le mot de la Pr\u00e9sidente \u00a0 Porter un CFA d\u2019excellence, c\u2019est r\u00e9unir ce que j\u2019ai toujours d\u00e9fendu\u202f: la cr\u00e9ation, l\u2019exigence et la transmission. Mon parcours s\u2019est construit \u00e0 la crois\u00e9e du design, de la peinture et de l\u2019enseignement, avec une conviction constante\u202f: former les talents de demain exige une vision artistique forte et une [&hellip;]<\/p>\n","protected":false},"author":1,"featured_media":0,"parent":0,"menu_order":0,"comment_status":"closed","ping_status":"closed","template":"","meta":{"_acf_changed":false,"footnotes":""},"class_list":["post-3465","page","type-page","status-publish","hentry"],"acf":[],"_links":{"self":[{"href":"https:\/\/www.congruences-formation.com\/index.php\/wp-json\/wp\/v2\/pages\/3465","targetHints":{"allow":["GET"]}}],"collection":[{"href":"https:\/\/www.congruences-formation.com\/index.php\/wp-json\/wp\/v2\/pages"}],"about":[{"href":"https:\/\/www.congruences-formation.com\/index.php\/wp-json\/wp\/v2\/types\/page"}],"author":[{"embeddable":true,"href":"https:\/\/www.congruences-formation.com\/index.php\/wp-json\/wp\/v2\/users\/1"}],"replies":[{"embeddable":true,"href":"https:\/\/www.congruences-formation.com\/index.php\/wp-json\/wp\/v2\/comments?post=3465"}],"version-history":[{"count":33,"href":"https:\/\/www.congruences-formation.com\/index.php\/wp-json\/wp\/v2\/pages\/3465\/revisions"}],"predecessor-version":[{"id":4598,"href":"https:\/\/www.congruences-formation.com\/index.php\/wp-json\/wp\/v2\/pages\/3465\/revisions\/4598"}],"wp:attachment":[{"href":"https:\/\/www.congruences-formation.com\/index.php\/wp-json\/wp\/v2\/media?parent=3465"}],"curies":[{"name":"wp","href":"https:\/\/api.w.org\/{rel}","templated":true}]}}