{"id":175,"date":"2026-01-08T17:32:46","date_gmt":"2026-01-08T17:32:46","guid":{"rendered":"https:\/\/wordpress.congruences-formation.com\/?page_id=175"},"modified":"2026-02-22T15:58:54","modified_gmt":"2026-02-22T15:58:54","slug":"index-egalite-professionnelle-f-h","status":"publish","type":"page","link":"https:\/\/www.congruences-formation.com\/index.php\/index-egalite-professionnelle-f-h\/","title":{"rendered":"Index Egalit\u00e9 professionnelle F\/H"},"content":{"rendered":"\t\t<div data-elementor-type=\"wp-page\" data-elementor-id=\"175\" class=\"elementor elementor-175\" data-elementor-post-type=\"page\">\n\t\t\t\t<div class=\"elementor-element elementor-element-7113e2e3 e-flex e-con-boxed e-con e-parent\" data-id=\"7113e2e3\" data-element_type=\"container\" data-e-type=\"container\">\n\t\t\t\t\t<div class=\"e-con-inner\">\n\t\t\t\t<div class=\"elementor-element elementor-element-32af5c70 elementor-widget elementor-widget-text-editor\" data-id=\"32af5c70\" data-element_type=\"widget\" data-e-type=\"widget\" data-widget_type=\"text-editor.default\">\n\t\t\t\t\t\t\t\t\t<h3>Qu&rsquo;est-ce que l&rsquo;index de l&rsquo;\u00e9galit\u00e9 professionnelle ?<\/h3>\n<p>L&rsquo;index de l&rsquo;\u00e9galit\u00e9 professionnelle a \u00e9t\u00e9 instaur\u00e9 pour les grandes entreprises par la\u00a0loi du 5 septembre 2018 pour la libert\u00e9 de choisir son avenir professionnel.<\/p>\n<p>Il permet aux entreprises de mesurer les \u00e9carts de r\u00e9mun\u00e9ration entre les femmes et les hommes et de mettre en \u00e9vidence les points de progression sur lesquels agir quand ces disparit\u00e9s sont injustifi\u00e9es.<\/p>\n<p>Pour ce faire,\u00a0<strong>il \u00e9value sur 100 points le niveau d&rsquo;\u00e9galit\u00e9 entre les femmes et les hommes<\/strong>\u00a0en s&rsquo;appuyant sur les crit\u00e8res suivants :<\/p>\n<p>\u00e9cart de r\u00e9mun\u00e9ration femmes \/ hommes,<br \/>\u00e9cart de r\u00e9partition des augmentations individuelles,<br \/>nombre de salari\u00e9es augment\u00e9es \u00e0 leur retour de cong\u00e9 maternit\u00e9,<br \/>parit\u00e9 parmi les 10 plus hautes r\u00e9mun\u00e9rations,<br \/>\u00e9cart de r\u00e9partition des promotions (seulement pour les entreprises de plus de 250 salari\u00e9s).<\/p>\n<p>La note globale de l&rsquo;index de l&rsquo;\u00e9galit\u00e9 femmes-hommes, ainsi que la note obtenue \u00e0 chacun des indicateurs le composant, doivent \u00eatre publi\u00e9es, de mani\u00e8re visible et lisible, sur le site Internet de l&rsquo;entreprise.<\/p>\n<p><strong>Nous aurons bient\u00f4t le plaisir d&rsquo;indiquer ici les r\u00e9sultats des calculs.<\/strong><\/p>\t\t\t\t\t\t\t\t<\/div>\n\t\t\t\t<div class=\"elementor-element elementor-element-0f20907 elementor-widget elementor-widget-image\" data-id=\"0f20907\" data-element_type=\"widget\" data-e-type=\"widget\" data-widget_type=\"image.default\">\n\t\t\t\t\t\t\t\t\t\t\t\t\t\t\t<img fetchpriority=\"high\" decoding=\"async\" width=\"683\" height=\"1024\" src=\"https:\/\/www.congruences-formation.com\/wp-content\/uploads\/2026\/01\/L7A0520-683x1024.jpg\" class=\"attachment-large size-large wp-image-177\" alt=\"l7a0520\" srcset=\"https:\/\/www.congruences-formation.com\/wp-content\/uploads\/2026\/01\/L7A0520-683x1024.jpg 683w, https:\/\/www.congruences-formation.com\/wp-content\/uploads\/2026\/01\/L7A0520-200x300.jpg 200w, https:\/\/www.congruences-formation.com\/wp-content\/uploads\/2026\/01\/L7A0520-768x1152.jpg 768w, https:\/\/www.congruences-formation.com\/wp-content\/uploads\/2026\/01\/L7A0520-1024x1536.jpg 1024w, https:\/\/www.congruences-formation.com\/wp-content\/uploads\/2026\/01\/L7A0520-1365x2048.jpg 1365w, https:\/\/www.congruences-formation.com\/wp-content\/uploads\/2026\/01\/L7A0520-scaled.jpg 1707w\" sizes=\"(max-width: 683px) 100vw, 683px\" title=\"Index Egalit\u00e9 professionnelle F\/H\">\t\t\t\t\t\t\t\t\t\t\t\t\t\t\t<\/div>\n\t\t\t\t\t<\/div>\n\t\t\t\t<\/div>\n\t\t\t\t<\/div>\n\t\t","protected":false},"excerpt":{"rendered":"<p>Qu&rsquo;est-ce que l&rsquo;index de l&rsquo;\u00e9galit\u00e9 professionnelle ? L&rsquo;index de l&rsquo;\u00e9galit\u00e9 professionnelle a \u00e9t\u00e9 instaur\u00e9 pour les grandes entreprises par la\u00a0loi du 5 septembre 2018 pour la libert\u00e9 de choisir son avenir professionnel. Il permet aux entreprises de mesurer les \u00e9carts de r\u00e9mun\u00e9ration entre les femmes et les hommes et de mettre en \u00e9vidence les points [&hellip;]<\/p>\n","protected":false},"author":2,"featured_media":0,"parent":0,"menu_order":0,"comment_status":"closed","ping_status":"closed","template":"","meta":{"_acf_changed":false,"footnotes":""},"class_list":["post-175","page","type-page","status-publish","hentry"],"acf":[],"_links":{"self":[{"href":"https:\/\/www.congruences-formation.com\/index.php\/wp-json\/wp\/v2\/pages\/175","targetHints":{"allow":["GET"]}}],"collection":[{"href":"https:\/\/www.congruences-formation.com\/index.php\/wp-json\/wp\/v2\/pages"}],"about":[{"href":"https:\/\/www.congruences-formation.com\/index.php\/wp-json\/wp\/v2\/types\/page"}],"author":[{"embeddable":true,"href":"https:\/\/www.congruences-formation.com\/index.php\/wp-json\/wp\/v2\/users\/2"}],"replies":[{"embeddable":true,"href":"https:\/\/www.congruences-formation.com\/index.php\/wp-json\/wp\/v2\/comments?post=175"}],"version-history":[{"count":6,"href":"https:\/\/www.congruences-formation.com\/index.php\/wp-json\/wp\/v2\/pages\/175\/revisions"}],"predecessor-version":[{"id":2419,"href":"https:\/\/www.congruences-formation.com\/index.php\/wp-json\/wp\/v2\/pages\/175\/revisions\/2419"}],"wp:attachment":[{"href":"https:\/\/www.congruences-formation.com\/index.php\/wp-json\/wp\/v2\/media?parent=175"}],"curies":[{"name":"wp","href":"https:\/\/api.w.org\/{rel}","templated":true}]}}