{"id":1407,"date":"2026-02-14T13:07:13","date_gmt":"2026-02-14T13:07:13","guid":{"rendered":"https:\/\/www.congruences-formation.com\/?page_id=1407"},"modified":"2026-03-20T12:40:50","modified_gmt":"2026-03-20T12:40:50","slug":"accueil","status":"publish","type":"page","link":"https:\/\/www.congruences-formation.com\/","title":{"rendered":"Accueil"},"content":{"rendered":"\t\t<div data-elementor-type=\"wp-page\" data-elementor-id=\"1407\" class=\"elementor elementor-1407\" data-elementor-post-type=\"page\">\n\t\t\t\t<div class=\"elementor-element elementor-element-4404c1c e-flex e-con-boxed e-con e-parent\" data-id=\"4404c1c\" data-element_type=\"container\" data-e-type=\"container\">\n\t\t\t\t\t<div class=\"e-con-inner\">\n\t\t\t\t<div class=\"elementor-element elementor-element-0bc20d7 elementor-widget elementor-widget-text-editor\" data-id=\"0bc20d7\" data-element_type=\"widget\" data-e-type=\"widget\" data-widget_type=\"text-editor.default\">\n\t\t\t\t\t\t\t\t\t<p><strong><img decoding=\"async\" class=\"size-large wp-image-4339 alignright\" src=\"https:\/\/www.congruences-formation.com\/wp-content\/uploads\/2026\/03\/IMG_4931-1024x683.jpg\" alt=\"img 4931\" width=\"560\" title=\"Accueil\" srcset=\"https:\/\/www.congruences-formation.com\/wp-content\/uploads\/2026\/03\/IMG_4931-1024x683.jpg 1024w, https:\/\/www.congruences-formation.com\/wp-content\/uploads\/2026\/03\/IMG_4931-300x200.jpg 300w, https:\/\/www.congruences-formation.com\/wp-content\/uploads\/2026\/03\/IMG_4931-768x512.jpg 768w, https:\/\/www.congruences-formation.com\/wp-content\/uploads\/2026\/03\/IMG_4931-1536x1024.jpg 1536w, https:\/\/www.congruences-formation.com\/wp-content\/uploads\/2026\/03\/IMG_4931-2048x1365.jpg 2048w\" sizes=\"(max-width: 1024px) 100vw, 1024px\" \/><span style=\"color: #e40529;\">Congruences Formation &#8211; Notre ADN<\/span><\/strong><\/p><p>Congruences Formation est un Centre de Formation d\u2019Apprentis d\u00e9di\u00e9 aux arts appliqu\u00e9s et aux savoir-faire artisanaux.<br \/>Notre mission est simple : former les futurs professionnels de la cr\u00e9ation en leur transmettant les techniques, les gestes et la culture qui font la richesse de l\u2019artisanat fran\u00e7ais.<\/p><p><strong>Une \u00e9cole engag\u00e9e pour les m\u00e9tiers d\u2019art<\/strong><br \/>En tant qu\u2019association \u00e0 but non lucratif, Congruences Formation place la transmission et l\u2019int\u00e9r\u00eat g\u00e9n\u00e9ral au c\u0153ur de son action.<br \/>Nos formations en alternance permettent aux apprentis de d\u00e9velopper :<\/p><ul><li>une <strong>ma\u00eetrise solide des techniques traditionnelles<\/strong>,<\/li><li>une <strong>compr\u00e9hension des enjeux culturels et cr\u00e9atifs<\/strong>,<\/li><li>une <strong>exp\u00e9rience professionnelle concr\u00e8te en entreprise<\/strong>.<\/li><\/ul><p>Nous formons des profils capables d\u2019\u00e9voluer dans les secteurs de la cr\u00e9ation, du design, du patrimoine, de la mode et des m\u00e9tiers d\u2019art.<\/p>\t\t\t\t\t\t\t\t<\/div>\n\t\t\t\t\t<\/div>\n\t\t\t\t<\/div>\n\t\t<div class=\"elementor-element elementor-element-50e1ef1 e-flex e-con-boxed e-con e-parent\" data-id=\"50e1ef1\" data-element_type=\"container\" data-e-type=\"container\">\n\t\t\t\t\t<div class=\"e-con-inner\">\n\t\t<div class=\"elementor-element elementor-element-9d62bb7 e-con-full e-flex e-con e-child\" data-id=\"9d62bb7\" data-element_type=\"container\" data-e-type=\"container\">\n\t\t<div class=\"elementor-element elementor-element-ac6e932 e-con-full e-flex e-con e-child\" data-id=\"ac6e932\" data-element_type=\"container\" data-e-type=\"container\">\n\t\t\t\t<div class=\"elementor-element elementor-element-4719c7f elementor-widget-divider--view-line elementor-widget elementor-widget-divider\" data-id=\"4719c7f\" data-element_type=\"widget\" data-e-type=\"widget\" data-widget_type=\"divider.default\">\n\t\t\t\t\t\t\t<div class=\"elementor-divider\">\n\t\t\t<span class=\"elementor-divider-separator\">\n\t\t\t\t\t\t<\/span>\n\t\t<\/div>\n\t\t\t\t\t\t<\/div>\n\t\t\t\t<div class=\"elementor-element elementor-element-dea2c48 elementor-widget elementor-widget-heading\" data-id=\"dea2c48\" data-element_type=\"widget\" data-e-type=\"widget\" data-widget_type=\"heading.default\">\n\t\t\t\t\t<h1 class=\"elementor-heading-title elementor-size-default\">Actualit\u00e9s<\/h1>\t\t\t\t<\/div>\n\t\t\t\t<div class=\"elementor-element elementor-element-6126fe1 elementor-widget elementor-widget-text-editor\" data-id=\"6126fe1\" data-element_type=\"widget\" data-e-type=\"widget\" data-widget_type=\"text-editor.default\">\n\t\t\t\t\t\t\t\t\t<p>&gt; <a href=\"\/actus\/\">Toutes les actus<\/a><\/p>\t\t\t\t\t\t\t\t<\/div>\n\t\t\t\t<\/div>\n\t\t\t\t<\/div>\n\t\t<div class=\"elementor-element elementor-element-307b4cb e-con-full e-flex e-con e-child\" data-id=\"307b4cb\" data-element_type=\"container\" data-e-type=\"container\">\n\t\t<div class=\"elementor-element elementor-element-5dda2a0 e-con-full e-flex e-con e-child\" data-id=\"5dda2a0\" data-element_type=\"container\" data-e-type=\"container\">\n\t\t\t\t<div class=\"elementor-element elementor-element-28732e1 elementor-widget elementor-widget-image\" data-id=\"28732e1\" data-element_type=\"widget\" data-e-type=\"widget\" data-widget_type=\"image.default\">\n\t\t\t\t\t\t\t\t\t\t\t\t\t\t\t\t<a href=\"https:\/\/www.congruences-formation.com\/index.php\/2026\/02\/14\/jpo\/\">\n\t\t\t\t\t\t\t<img fetchpriority=\"high\" decoding=\"async\" width=\"745\" height=\"1024\" src=\"https:\/\/www.congruences-formation.com\/wp-content\/uploads\/2026\/02\/affiche-jpo-1-745x1024.jpg\" class=\"attachment-large size-large wp-image-2687\" alt=\"affiche jpo\" srcset=\"https:\/\/www.congruences-formation.com\/wp-content\/uploads\/2026\/02\/affiche-jpo-1-745x1024.jpg 745w, https:\/\/www.congruences-formation.com\/wp-content\/uploads\/2026\/02\/affiche-jpo-1-218x300.jpg 218w, https:\/\/www.congruences-formation.com\/wp-content\/uploads\/2026\/02\/affiche-jpo-1-768x1056.jpg 768w, https:\/\/www.congruences-formation.com\/wp-content\/uploads\/2026\/02\/affiche-jpo-1-1117x1536.jpg 1117w, https:\/\/www.congruences-formation.com\/wp-content\/uploads\/2026\/02\/affiche-jpo-1-1489x2048.jpg 1489w, https:\/\/www.congruences-formation.com\/wp-content\/uploads\/2026\/02\/affiche-jpo-1-scaled-e1771915113183.jpg 800w\" sizes=\"(max-width: 745px) 100vw, 745px\" title=\"Accueil\">\t\t\t\t\t\t\t\t<\/a>\n\t\t\t\t\t\t\t\t\t\t\t\t\t\t\t<\/div>\n\t\t\t\t<div class=\"elementor-element elementor-element-7eb4a4f elementor-widget elementor-widget-spacer\" data-id=\"7eb4a4f\" data-element_type=\"widget\" data-e-type=\"widget\" data-widget_type=\"spacer.default\">\n\t\t\t\t\t\t\t<div class=\"elementor-spacer\">\n\t\t\t<div class=\"elementor-spacer-inner\"><\/div>\n\t\t<\/div>\n\t\t\t\t\t\t<\/div>\n\t\t\t\t<\/div>\n\t\t<div class=\"elementor-element elementor-element-2930f06 e-con-full e-flex e-con e-child\" data-id=\"2930f06\" data-element_type=\"container\" data-e-type=\"container\">\n\t\t\t\t<div class=\"elementor-element elementor-element-478d804 elementor-widget elementor-widget-image\" data-id=\"478d804\" data-element_type=\"widget\" data-e-type=\"widget\" data-widget_type=\"image.default\">\n\t\t\t\t\t\t\t\t\t\t\t\t\t\t\t\t<a href=\"https:\/\/www.congruences-formation.com\/index.php\/2026\/02\/15\/salon-comparaisons-2026\/\">\n\t\t\t\t\t\t\t<img decoding=\"async\" width=\"960\" height=\"231\" src=\"https:\/\/www.congruences-formation.com\/wp-content\/uploads\/2026\/02\/comparaison-1024x246.jpg\" class=\"attachment-large size-large wp-image-1061\" alt=\"comparaison\" srcset=\"https:\/\/www.congruences-formation.com\/wp-content\/uploads\/2026\/02\/comparaison-1024x246.jpg 1024w, https:\/\/www.congruences-formation.com\/wp-content\/uploads\/2026\/02\/comparaison-300x72.jpg 300w, https:\/\/www.congruences-formation.com\/wp-content\/uploads\/2026\/02\/comparaison-768x184.jpg 768w, https:\/\/www.congruences-formation.com\/wp-content\/uploads\/2026\/02\/comparaison-1536x369.jpg 1536w, https:\/\/www.congruences-formation.com\/wp-content\/uploads\/2026\/02\/comparaison-2048x492.jpg 2048w\" sizes=\"(max-width: 960px) 100vw, 960px\" title=\"Accueil\">\t\t\t\t\t\t\t\t<\/a>\n\t\t\t\t\t\t\t\t\t\t\t\t\t\t\t<\/div>\n\t\t\t\t<div class=\"elementor-element elementor-element-cf3168a elementor-widget elementor-widget-heading\" data-id=\"cf3168a\" data-element_type=\"widget\" data-e-type=\"widget\" data-widget_type=\"heading.default\">\n\t\t\t\t\t<h2 class=\"elementor-heading-title elementor-size-default\">Salon Comparaisons 2026<\/h2>\t\t\t\t<\/div>\n\t\t\t\t<div class=\"elementor-element elementor-element-d10e167 elementor-widget elementor-widget-heading\" data-id=\"d10e167\" data-element_type=\"widget\" data-e-type=\"widget\" data-widget_type=\"heading.default\">\n\t\t\t\t\t<h6 class=\"elementor-heading-title elementor-size-default\">au Grand Palais \u00e0 Paris<\/h6>\t\t\t\t<\/div>\n\t\t\t\t<div class=\"elementor-element elementor-element-79ea195 elementor-widget elementor-widget-text-editor\" data-id=\"79ea195\" data-element_type=\"widget\" data-e-type=\"widget\" data-widget_type=\"text-editor.default\">\n\t\t\t\t\t\t\t\t\t<p data-start=\"0\" data-end=\"164\">A l&rsquo;occasion de <strong data-start=\"19\" data-end=\"39\">ART CAPITAL 2026<\/strong>, le <strong>Salon<\/strong> <strong data-start=\"45\" data-end=\"67\">Comparaisons <\/strong>pr\u00e9sente <strong data-start=\"77\" data-end=\"90\">38 zones<\/strong>, chacune repr\u00e9sentant diff\u00e9rentes sensibilit\u00e9s ou tendances dans l&rsquo;art contemporain.<\/p><p data-start=\"166\" data-end=\"305\" data-is-last-node=\"\" data-is-only-node=\"\">Les visiteurs appr\u00e9cient de pouvoir d\u00e9couvrir des styles, des approches artistiques et des techniques mis en parall\u00e8le et pr\u00e9sent\u00e9s dans des espaces d\u00e9di\u00e9s<\/p>\t\t\t\t\t\t\t\t<\/div>\n\t\t\t\t<\/div>\n\t\t<div class=\"elementor-element elementor-element-762d368 e-con-full e-flex e-con e-child\" data-id=\"762d368\" data-element_type=\"container\" data-e-type=\"container\">\n\t\t\t\t<div class=\"elementor-element elementor-element-80decce elementor-widget elementor-widget-image\" data-id=\"80decce\" data-element_type=\"widget\" data-e-type=\"widget\" data-widget_type=\"image.default\">\n\t\t\t\t\t\t\t\t\t\t\t\t\t\t\t<img decoding=\"async\" width=\"1152\" height=\"1536\" src=\"https:\/\/www.congruences-formation.com\/wp-content\/uploads\/2025\/12\/WhatsApp-Image-2026-02-09-at-18.06.39-1152x1536.jpeg\" class=\"attachment-1536x1536 size-1536x1536 wp-image-1150\" alt=\"whatsapp image 2026 02 09 at 18.06.39\" srcset=\"https:\/\/www.congruences-formation.com\/wp-content\/uploads\/2025\/12\/WhatsApp-Image-2026-02-09-at-18.06.39-1152x1536.jpeg 1152w, https:\/\/www.congruences-formation.com\/wp-content\/uploads\/2025\/12\/WhatsApp-Image-2026-02-09-at-18.06.39-225x300.jpeg 225w, https:\/\/www.congruences-formation.com\/wp-content\/uploads\/2025\/12\/WhatsApp-Image-2026-02-09-at-18.06.39-768x1024.jpeg 768w, https:\/\/www.congruences-formation.com\/wp-content\/uploads\/2025\/12\/WhatsApp-Image-2026-02-09-at-18.06.39.jpeg 1536w\" sizes=\"(max-width: 1152px) 100vw, 1152px\" title=\"Accueil\">\t\t\t\t\t\t\t\t\t\t\t\t\t\t\t<\/div>\n\t\t\t\t<\/div>\n\t\t\t\t<\/div>\n\t\t\t\t\t<\/div>\n\t\t\t\t<\/div>\n\t\t\t\t<\/div>\n\t\t","protected":false},"excerpt":{"rendered":"<p>Congruences Formation &#8211; Notre ADN Congruences Formation est un Centre de Formation d\u2019Apprentis d\u00e9di\u00e9 aux arts appliqu\u00e9s et aux savoir-faire artisanaux.Notre mission est simple : former les futurs professionnels de la cr\u00e9ation en leur transmettant les techniques, les gestes et la culture qui font la richesse de l\u2019artisanat fran\u00e7ais. Une \u00e9cole engag\u00e9e pour les m\u00e9tiers [&hellip;]<\/p>\n","protected":false},"author":1,"featured_media":0,"parent":0,"menu_order":0,"comment_status":"closed","ping_status":"closed","template":"","meta":{"_acf_changed":false,"footnotes":""},"class_list":["post-1407","page","type-page","status-publish","hentry"],"acf":[],"_links":{"self":[{"href":"https:\/\/www.congruences-formation.com\/index.php\/wp-json\/wp\/v2\/pages\/1407","targetHints":{"allow":["GET"]}}],"collection":[{"href":"https:\/\/www.congruences-formation.com\/index.php\/wp-json\/wp\/v2\/pages"}],"about":[{"href":"https:\/\/www.congruences-formation.com\/index.php\/wp-json\/wp\/v2\/types\/page"}],"author":[{"embeddable":true,"href":"https:\/\/www.congruences-formation.com\/index.php\/wp-json\/wp\/v2\/users\/1"}],"replies":[{"embeddable":true,"href":"https:\/\/www.congruences-formation.com\/index.php\/wp-json\/wp\/v2\/comments?post=1407"}],"version-history":[{"count":58,"href":"https:\/\/www.congruences-formation.com\/index.php\/wp-json\/wp\/v2\/pages\/1407\/revisions"}],"predecessor-version":[{"id":4360,"href":"https:\/\/www.congruences-formation.com\/index.php\/wp-json\/wp\/v2\/pages\/1407\/revisions\/4360"}],"wp:attachment":[{"href":"https:\/\/www.congruences-formation.com\/index.php\/wp-json\/wp\/v2\/media?parent=1407"}],"curies":[{"name":"wp","href":"https:\/\/api.w.org\/{rel}","templated":true}]}}